{"id":10,"date":"2021-11-23T14:01:12","date_gmt":"2021-11-23T14:01:12","guid":{"rendered":"http:\/\/planwert.de\/?page_id=10"},"modified":"2024-06-07T10:38:21","modified_gmt":"2024-06-07T10:38:21","slug":"10-2","status":"publish","type":"page","link":"https:\/\/planwert.de\/","title":{"rendered":"Start"},"content":{"rendered":"\t\t<div data-elementor-type=\"wp-page\" data-elementor-id=\"10\" class=\"elementor elementor-10\">\n\t\t\t\t\t\t<section class=\"elementor-section elementor-top-section elementor-element elementor-element-7b86a8d elementor-section-boxed elementor-section-height-default elementor-section-height-default\" data-id=\"7b86a8d\" data-element_type=\"section\" data-e-type=\"section\">\n\t\t\t\t\t\t<div class=\"elementor-container elementor-column-gap-default\">\n\t\t\t\t\t<div class=\"elementor-column elementor-col-100 elementor-top-column elementor-element elementor-element-79da5c6\" data-id=\"79da5c6\" data-element_type=\"column\" data-e-type=\"column\">\n\t\t\t<div class=\"elementor-widget-wrap elementor-element-populated\">\n\t\t\t\t\t\t<div class=\"elementor-element elementor-element-8d5819b elementor-widget elementor-widget-heading\" data-id=\"8d5819b\" data-element_type=\"widget\" data-e-type=\"widget\" data-widget_type=\"heading.default\">\n\t\t\t\t<div class=\"elementor-widget-container\">\n\t\t\t\t\t<h2 class=\"elementor-heading-title elementor-size-large\">Planwert \u2022 Beratung &amp; Interimsmanagement\n<\/h2>\t\t\t\t<\/div>\n\t\t\t\t<\/div>\n\t\t\t\t\t<\/div>\n\t\t<\/div>\n\t\t\t\t\t<\/div>\n\t\t<\/section>\n\t\t\t\t<section class=\"elementor-section elementor-top-section elementor-element elementor-element-bd58352 elementor-section-boxed elementor-section-height-default elementor-section-height-default\" data-id=\"bd58352\" data-element_type=\"section\" data-e-type=\"section\">\n\t\t\t\t\t\t<div class=\"elementor-container elementor-column-gap-default\">\n\t\t\t\t\t<div class=\"elementor-column elementor-col-100 elementor-top-column elementor-element elementor-element-4f065d6\" data-id=\"4f065d6\" data-element_type=\"column\" data-e-type=\"column\">\n\t\t\t<div class=\"elementor-widget-wrap elementor-element-populated\">\n\t\t\t\t\t\t<div class=\"elementor-element elementor-element-5d4697e elementor-widget elementor-widget-text-editor\" data-id=\"5d4697e\" data-element_type=\"widget\" data-e-type=\"widget\" data-widget_type=\"text-editor.default\">\n\t\t\t\t<div class=\"elementor-widget-container\">\n\t\t\t\t\t\t\t\t\t<p>Seit \u00fcber 25 Jahren unterst\u00fctze ich meine Kunden bei der Existenzgr\u00fcndung, einer Erweiterung des Betriebes, einer Begleitung des Prozesses zu einer Unternehmensnachfolge oder dem Controlling f\u00fcr Insolvenzverwalter in fortgef\u00fchrten Unternehmen. Dar\u00fcber hinaus biete ich meine Leistungen auch als Interims-Management an, wenn eine st\u00e4rkere Gewichtung auf einem Hands-on Ansatz liegt.<br \/><br \/>Der Beratung geht \u00fcblicherweise ein gr\u00fcndlicher Check des Vorhabens voraus, der entweder gesondert durchgef\u00fchrt oder auch im Rahmen einer weitergehenden betrieblichen Beratung erbracht wird.<br \/><br \/>Bei Gr\u00fcndungen aus Arbeitslosigkeit werden Kunden zudem bei der Beantragung und dem anschlie\u00dfenden Bewilligungsprozess zum Gr\u00fcndungszuschuss begleitet. Fachliche Stellungnahmen sowie die eingehende Vorbereitung auf formale, organisatorische und betriebswirtschaftliche Herausforderungen der Selbst\u00e4ndigkeit k\u00f6nnen \u00fcber einen AVGS-Gutschein der Arbeitsagentur abgerechnet werden.<br \/><br \/>Die von der PlanWert GmbH erbrachten Beratungsleistungen nach dem Vorhabens-Check werden im Normalfall mit 50% der Kosten (bis zu 7.500 \u20ac) gef\u00f6rdert. Wir besprechen mit Ihnen im Vorfeld, ob Sie und Ihr Vorhaben daf\u00fcr in Frage kommen.<br \/><br \/>Das gr\u00f6\u00dfte Vergn\u00fcgen ist f\u00fcr mich, meinen Kunden die M\u00f6glichkeit zu verschaffen, ihre Ideen und Konzepte erfolgreich zu leben. Deshalb arbeite ich konsequent daran, dass meine Kunden sagen: PlanWert &#8211; einfach gut beraten!<br \/><br \/>Ihr Wolf Roth<br \/><br \/><\/p><p>Mail: <a href=\"mailto:wolf.roth@planwert.de\">wolf.roth@planwert.de<\/a><br \/>Phone: 02241- 3974 990<\/p>\t\t\t\t\t\t\t\t<\/div>\n\t\t\t\t<\/div>\n\t\t\t\t\t<\/div>\n\t\t<\/div>\n\t\t\t\t\t<\/div>\n\t\t<\/section>\n\t\t\t\t<\/div>\n\t\t","protected":false},"excerpt":{"rendered":"<p>Planwert \u2022 Beratung &#038; Interimsmanagement Seit \u00fcber 25 Jahren unterst\u00fctze ich meine Kunden bei der Existenzgr\u00fcndung, einer Erweiterung des Betriebes, einer Begleitung des Prozesses zu einer Unternehmensnachfolge oder dem Controlling f\u00fcr Insolvenzverwalter in fortgef\u00fchrten Unternehmen. Dar\u00fcber hinaus biete ich meine Leistungen auch als Interims-Management an, wenn eine st\u00e4rkere Gewichtung auf einem Hands-on Ansatz liegt. Der [&hellip;]<\/p>\n","protected":false},"author":2,"featured_media":0,"parent":0,"menu_order":0,"comment_status":"closed","ping_status":"closed","template":"","meta":{"footnotes":""},"class_list":["post-10","page","type-page","status-publish","hentry"],"_links":{"self":[{"href":"https:\/\/planwert.de\/index.php?rest_route=\/wp\/v2\/pages\/10","targetHints":{"allow":["GET"]}}],"collection":[{"href":"https:\/\/planwert.de\/index.php?rest_route=\/wp\/v2\/pages"}],"about":[{"href":"https:\/\/planwert.de\/index.php?rest_route=\/wp\/v2\/types\/page"}],"author":[{"embeddable":true,"href":"https:\/\/planwert.de\/index.php?rest_route=\/wp\/v2\/users\/2"}],"replies":[{"embeddable":true,"href":"https:\/\/planwert.de\/index.php?rest_route=%2Fwp%2Fv2%2Fcomments&post=10"}],"version-history":[{"count":27,"href":"https:\/\/planwert.de\/index.php?rest_route=\/wp\/v2\/pages\/10\/revisions"}],"predecessor-version":[{"id":83,"href":"https:\/\/planwert.de\/index.php?rest_route=\/wp\/v2\/pages\/10\/revisions\/83"}],"wp:attachment":[{"href":"https:\/\/planwert.de\/index.php?rest_route=%2Fwp%2Fv2%2Fmedia&parent=10"}],"curies":[{"name":"wp","href":"https:\/\/api.w.org\/{rel}","templated":true}]}}